{"id":2441,"date":"2020-11-11T14:57:30","date_gmt":"2020-11-11T13:57:30","guid":{"rendered":"https:\/\/moldtecs.com\/mentions-legales\/"},"modified":"2025-02-20T11:04:02","modified_gmt":"2025-02-20T10:04:02","slug":"mentions-legales","status":"publish","type":"page","link":"https:\/\/moldtecs.com\/fr\/mentions-legales\/","title":{"rendered":"Mentions l\u00e9gales"},"content":{"rendered":"<div id='av-layout-grid-1'  class='av-layout-grid-container av-h5aojm-c31868f27e548b8c1746d295d05fe0b2 entry-content-wrapper main_color av-flex-cells  avia-builder-el-0  el_before_av_layout_row  avia-builder-el-first   container_wrap sidebar_right'  >\n\n<style type=\"text\/css\" data-created_by=\"avia_inline_auto\" id=\"style-css-av-fagzlu-7c2cb7c8ba33e2eda7106556dc88916f\">\n.flex_cell.av-fagzlu-7c2cb7c8ba33e2eda7106556dc88916f{\nvertical-align:middle;\nheight:500px;\nmin-height:500px;\nbackground:url(https:\/\/moldtecs.com\/wp-content\/uploads\/2020\/10\/arrow-left-white.svg) 100% 50% no-repeat scroll #ebebeb;\n}\n.responsive #top #wrap_all .flex_cell.av-fagzlu-7c2cb7c8ba33e2eda7106556dc88916f{\npadding:250px 150px 250px 150px !important;\n}\n<\/style>\n<div class='flex_cell av-fagzlu-7c2cb7c8ba33e2eda7106556dc88916f av-gridrow-cell av_one_half no_margin av-hide-on-mobile  avia-builder-el-1  el_before_av_cell_one_half  avia-builder-el-first  triangle-cell-left'  ><div class='flex_cell_inner'>\n<style type=\"text\/css\" data-created_by=\"avia_inline_auto\" id=\"style-css-av-eqk94y-d407c1202a46009d968cb6c2635ddcf6\">\n#top .av_textblock_section.av-eqk94y-d407c1202a46009d968cb6c2635ddcf6 .avia_textblock{\ncolor:#0db14b;\n}\n<\/style>\n<section  class='av_textblock_section av-eqk94y-d407c1202a46009d968cb6c2635ddcf6 '   itemscope=\"itemscope\" itemtype=\"https:\/\/schema.org\/CreativeWork\" ><div class='avia_textblock av_inherit_color'  itemprop=\"text\" ><h1 style=\"text-align: right;\">Mentions l\u00e9gales<\/h1>\n<\/div><\/section>\n<\/div><\/div>\n<style type=\"text\/css\" data-created_by=\"avia_inline_auto\" id=\"style-css-av-c2bymq-1e4c5dfcee2a98a4c8d0834ca76b92ff\">\n.flex_cell.av-c2bymq-1e4c5dfcee2a98a4c8d0834ca76b92ff{\nvertical-align:middle;\nheight:500px;\nmin-height:500px;\n}\n.responsive #top #wrap_all .flex_cell.av-c2bymq-1e4c5dfcee2a98a4c8d0834ca76b92ff{\npadding:100px 100px 100px 100px !important;\n}\n<\/style>\n<div class='flex_cell av-c2bymq-1e4c5dfcee2a98a4c8d0834ca76b92ff av-gridrow-cell av_one_half no_margin  avia-builder-el-3  el_after_av_cell_one_half  avia-builder-el-last '  ><div class='flex_cell_inner'><section  class='av_textblock_section av-eqk94y-6-ac336a40a7c4ed44a3fe0ab1b87da0f0 '   itemscope=\"itemscope\" itemtype=\"https:\/\/schema.org\/CreativeWork\" ><div class='av-desktop-hide av-medium-hide av-small-hide avia_textblock av_inherit_color'  itemprop=\"text\" ><h3 style=\"text-align: left;\">Mentions l\u00e9gales<\/h3>\n<\/div><\/section><br \/>\n\n<style type=\"text\/css\" data-created_by=\"avia_inline_auto\" id=\"style-css-av-kafqqy2a-5-a93888a60e397c1898618a687ed627c5\">\n#top .hr.hr-invisible.av-kafqqy2a-5-a93888a60e397c1898618a687ed627c5{\nheight:25px;\n}\n<\/style>\n<div  class='hr av-kafqqy2a-5-a93888a60e397c1898618a687ed627c5 hr-invisible  avia-builder-el-5  el_after_av_textblock  el_before_av_textblock  av-desktop-hide av-medium-hide av-small-hide'><span class='hr-inner '><span class=\"hr-inner-style\"><\/span><\/span><\/div><br \/>\n\n<style type=\"text\/css\" data-created_by=\"avia_inline_auto\" id=\"style-css-av-6gp36q-8ae5ea4d232b9298f554ff9548e3e478\">\n#top .av_textblock_section.av-6gp36q-8ae5ea4d232b9298f554ff9548e3e478 .avia_textblock{\nfont-size:15px;\n}\n<\/style>\n<section  class='av_textblock_section av-6gp36q-8ae5ea4d232b9298f554ff9548e3e478 '   itemscope=\"itemscope\" itemtype=\"https:\/\/schema.org\/CreativeWork\" ><div class='avia_textblock'  itemprop=\"text\" ><h3>MoldTecs 01-2022 GmbH<\/h3>\n<p>Grubenweg 22<br \/>\nD-38667 Bad Harzburg<br \/>\nAllemagne<\/p>\n<p><strong>Courrier \u00e9lectronique :<\/strong> <a href=\"mailto:info@moldtecs.com\">info@moldtecs.com<\/a><\/p>\n<h3>Repr\u00e9sent\u00e9 par<\/h3>\n<p>Cedric Raucy<br \/>\nDr. Wolfgang Lichtenwalder<\/p>\n<h3>Registre du commerce<\/h3>\n<p><strong>Tribunal d&rsquo;enregistrement :<\/strong> <span data-olk-copy-source=\"MessageBody\">Stuttgart, HRB 782802<\/span><br \/>\n<strong>Si\u00e8ge de la soci\u00e9t\u00e9 :<\/strong> Bad Harzburg<br \/>\n<strong>Num\u00e9ro de TVA intracommunautaire :<\/strong> <span data-olk-copy-source=\"MessageBody\">DE352 896 096<\/span><\/p>\n<\/div><\/section><\/p>\n<\/div><\/div><\/div><div id='datenschutz'  class='av-layout-grid-container av-8ogyj6-0312d74c5895b0b04220907ab7f821db entry-content-wrapper main_color av-flex-cells  avia-builder-el-7  el_after_av_layout_row  el_before_av_layout_row  grid-row-not-first  container_wrap sidebar_right'  >\n\n<style type=\"text\/css\" data-created_by=\"avia_inline_auto\" id=\"style-css-av-799w82-ef28c7ecd2904deef2a0e50071db96aa\">\n.flex_cell.av-799w82-ef28c7ecd2904deef2a0e50071db96aa{\nvertical-align:middle;\nheight:500px;\nmin-height:500px;\n}\n.responsive #top #wrap_all .flex_cell.av-799w82-ef28c7ecd2904deef2a0e50071db96aa{\npadding:100px 100px 100px 100px !important;\n}\n<\/style>\n<div class='flex_cell av-799w82-ef28c7ecd2904deef2a0e50071db96aa av-gridrow-cell av_one_half no_margin  avia-builder-el-8  el_before_av_cell_one_half  avia-builder-el-first '  ><div class='flex_cell_inner'><section  class='av_textblock_section av-36i46a-3b36ef950506c96d6817b4c383f6712f '   itemscope=\"itemscope\" itemtype=\"https:\/\/schema.org\/CreativeWork\" ><div class='av-desktop-hide av-medium-hide av-small-hide avia_textblock av_inherit_color'  itemprop=\"text\" ><h3>Copyright \u00a9 2026<\/h3>\n<\/div><\/section><br \/>\n\n<style type=\"text\/css\" data-created_by=\"avia_inline_auto\" id=\"style-css-av-kafqqy2a-2-d51f0615948b02945fb39d25c8e809d0\">\n#top .hr.hr-invisible.av-kafqqy2a-2-d51f0615948b02945fb39d25c8e809d0{\nheight:25px;\n}\n<\/style>\n<div  class='hr av-kafqqy2a-2-d51f0615948b02945fb39d25c8e809d0 hr-invisible  avia-builder-el-10  el_after_av_textblock  el_before_av_textblock  av-desktop-hide av-medium-hide av-small-hide'><span class='hr-inner '><span class=\"hr-inner-style\"><\/span><\/span><\/div><br \/>\n\n<style type=\"text\/css\" data-created_by=\"avia_inline_auto\" id=\"style-css-av-6gp36q-3-608e63858f01c412adff537bd54ad567\">\n#top .av_textblock_section.av-6gp36q-3-608e63858f01c412adff537bd54ad567 .avia_textblock{\nfont-size:15px;\n}\n<\/style>\n<section  class='av_textblock_section av-6gp36q-3-608e63858f01c412adff537bd54ad567 '   itemscope=\"itemscope\" itemtype=\"https:\/\/schema.org\/CreativeWork\" ><div class='avia_textblock'  itemprop=\"text\" ><h3>MoldTecs S.A.R.L. Tous droits r\u00e9serv\u00e9s.<\/h3>\n<p>Le contenu de ce site est prot\u00e9g\u00e9 par les droits d&rsquo;auteur. La reproduction d&rsquo;informations ou de donn\u00e9es, en particulier la publication de tous les contenus, photos, textes et graphiques sont soumis au copyright de MoldTecs GmbH. Il est interdit de les copier, de les modifier, de les reproduire ou de les publier, en tout ou en partie, sans son accord pr\u00e9alable. Ce droit d&rsquo;auteur est \u00e9galement valable pour les t\u00e9l\u00e9m\u00e9dias suivants : Google+, YouTube, Instagram, Facebook, Twitter, LinkedIn et Xing.<\/p>\n<p><strong>En cas d&rsquo;atteinte aux droits d&rsquo;auteur de tiers, nous vous prions de nous en informer imm\u00e9diatement.<\/strong><\/p>\n<\/div><\/section><\/p>\n<\/div><\/div>\n<style type=\"text\/css\" data-created_by=\"avia_inline_auto\" id=\"style-css-av-44f6ia-2c0b863b51d903e1494ea64bbb33daed\">\n.flex_cell.av-44f6ia-2c0b863b51d903e1494ea64bbb33daed{\nvertical-align:middle;\nheight:500px;\nmin-height:500px;\nbackground:url(https:\/\/moldtecs.com\/wp-content\/uploads\/2020\/10\/arrow-right-white.svg) 0% 50% no-repeat scroll #ebebeb;\n}\n.responsive #top #wrap_all .flex_cell.av-44f6ia-2c0b863b51d903e1494ea64bbb33daed{\npadding:250px 150px 250px 150px !important;\n}\n<\/style>\n<div class='flex_cell av-44f6ia-2c0b863b51d903e1494ea64bbb33daed av-gridrow-cell av_one_half no_margin av-hide-on-mobile  avia-builder-el-12  el_after_av_cell_one_half  avia-builder-el-last  triangle-cell-right'  ><div class='flex_cell_inner'>\n<style type=\"text\/css\" data-created_by=\"avia_inline_auto\" id=\"style-css-av-36i46a-1-9ee3c0c71f74aadd9411cc4abf78082b\">\n#top .av_textblock_section.av-36i46a-1-9ee3c0c71f74aadd9411cc4abf78082b .avia_textblock{\ncolor:#0db14b;\n}\n<\/style>\n<section  class='av_textblock_section av-36i46a-1-9ee3c0c71f74aadd9411cc4abf78082b '   itemscope=\"itemscope\" itemtype=\"https:\/\/schema.org\/CreativeWork\" ><div class='avia_textblock av_inherit_color'  itemprop=\"text\" ><h1>Copyright \u00a9 2026<\/h1>\n<\/div><\/section>\n<\/div><\/div>\n<\/div><\/p>\n<div id='av-layout-grid-3'  class='av-layout-grid-container av-zbyz3-b875a91e812686b9b5718eca18c8dfd9 entry-content-wrapper main_color av-flex-cells  avia-builder-el-14  el_after_av_layout_row  avia-builder-el-last  grid-row-not-first  container_wrap sidebar_right'  >\n\n<style type=\"text\/css\" data-created_by=\"avia_inline_auto\" id=\"style-css-av-rebsn-950e010621cb2ebe148c9597a37e3593\">\n.flex_cell.av-rebsn-950e010621cb2ebe148c9597a37e3593{\nvertical-align:middle;\nheight:500px;\nmin-height:500px;\nbackground:url(https:\/\/moldtecs.com\/wp-content\/uploads\/2020\/10\/arrow-left-white.svg) 100% 50% no-repeat scroll #ebebeb;\n}\n.responsive #top #wrap_all .flex_cell.av-rebsn-950e010621cb2ebe148c9597a37e3593{\npadding:250px 150px 250px 150px !important;\n}\n<\/style>\n<div class='flex_cell av-rebsn-950e010621cb2ebe148c9597a37e3593 av-gridrow-cell av_one_half no_margin av-hide-on-mobile  avia-builder-el-15  el_before_av_cell_one_half  avia-builder-el-first  triangle-cell-left'  ><div class='flex_cell_inner'>\n<style type=\"text\/css\" data-created_by=\"avia_inline_auto\" id=\"style-css-av-kzre1oxr-7f79ad74fa930a79c039bad7ff47670f\">\n#top .av_textblock_section.av-kzre1oxr-7f79ad74fa930a79c039bad7ff47670f .avia_textblock{\ncolor:#0db14b;\n}\n<\/style>\n<section  class='av_textblock_section av-kzre1oxr-7f79ad74fa930a79c039bad7ff47670f '   itemscope=\"itemscope\" itemtype=\"https:\/\/schema.org\/CreativeWork\" ><div class='avia_textblock av_inherit_color'  itemprop=\"text\" ><h1 style=\"text-align: right;\">Clause de non-responsabilit\u00e9<\/h1>\n<\/div><\/section>\n<\/div><\/div>\n<style type=\"text\/css\" data-created_by=\"avia_inline_auto\" id=\"style-css-av-mu0o7-9db62afcce190ac9de07d018c6e3a3d6\">\n.flex_cell.av-mu0o7-9db62afcce190ac9de07d018c6e3a3d6{\nvertical-align:middle;\nheight:500px;\nmin-height:500px;\n}\n.responsive #top #wrap_all .flex_cell.av-mu0o7-9db62afcce190ac9de07d018c6e3a3d6{\npadding:100px 100px 100px 100px !important;\n}\n<\/style>\n<div class='flex_cell av-mu0o7-9db62afcce190ac9de07d018c6e3a3d6 av-gridrow-cell av_one_half no_margin  avia-builder-el-17  el_after_av_cell_one_half  avia-builder-el-last '  ><div class='flex_cell_inner'><section  class='av_textblock_section av-kzre1vxl-abcd06618e00827d23f7a9c77970ef23 '   itemscope=\"itemscope\" itemtype=\"https:\/\/schema.org\/CreativeWork\" ><div class='av-desktop-hide av-medium-hide av-small-hide avia_textblock av_inherit_color'  itemprop=\"text\" ><h3 style=\"text-align: left;\">Clause de non-responsabilit\u00e9<\/h3>\n<\/div><\/section><br \/>\n\n<style type=\"text\/css\" data-created_by=\"avia_inline_auto\" id=\"style-css-av-83vsn-247f63b4b536930ebd587b5ed4f1d176\">\n#top .hr.hr-invisible.av-83vsn-247f63b4b536930ebd587b5ed4f1d176{\nheight:25px;\n}\n<\/style>\n<div  class='hr av-83vsn-247f63b4b536930ebd587b5ed4f1d176 hr-invisible  avia-builder-el-19  el_after_av_textblock  el_before_av_textblock  av-desktop-hide av-medium-hide av-small-hide'><span class='hr-inner '><span class=\"hr-inner-style\"><\/span><\/span><\/div><br \/>\n\n<style type=\"text\/css\" data-created_by=\"avia_inline_auto\" id=\"style-css-av-kzre26xy-b246788da1221776161e1ee5411ab2d6\">\n#top .av_textblock_section.av-kzre26xy-b246788da1221776161e1ee5411ab2d6 .avia_textblock{\nfont-size:15px;\n}\n<\/style>\n<section  class='av_textblock_section av-kzre26xy-b246788da1221776161e1ee5411ab2d6 '   itemscope=\"itemscope\" itemtype=\"https:\/\/schema.org\/CreativeWork\" ><div class='avia_textblock'  itemprop=\"text\" ><p>Toute responsabilit\u00e9 ou garantie quant \u00e0 l&rsquo;actualit\u00e9, l&rsquo;exactitude et l&rsquo;exhaustivit\u00e9 des informations et donn\u00e9es mises \u00e0 disposition est exclue. Ceci est \u00e9galement valable pour tous les autres sites web auxquels il est fait r\u00e9f\u00e9rence au moyen d&rsquo;un lien hypertexte. <strong>MoldTecs<\/strong> GmbH n&rsquo;est pas non plus responsable du contenu de ces sites web qui sont atteints au moyen d&rsquo;un tel lien. <strong>MoldTecs<\/strong> se r\u00e9serve le droit de modifier ou de compl\u00e9ter sans pr\u00e9avis les informations ou donn\u00e9es mises \u00e0 disposition.<\/p>\n<p>Les perturbations dues \u00e0 des probl\u00e8mes techniques sont r\u00e9duites autant que possible. Il n&rsquo;est cependant pas exclu que certaines donn\u00e9es et informations du site soient cr\u00e9\u00e9es\/structur\u00e9es dans des fichiers ou des formats qui ne sont pas exempts d&rsquo;erreurs. <strong>MoldTecs<\/strong> n&rsquo;assume cependant aucune responsabilit\u00e9 pour de tels probl\u00e8mes qui pourraient r\u00e9sulter de l&rsquo;utilisation de ces sites web ou de sites externes qui y sont li\u00e9s. <strong>MoldTecs<\/strong> ne peut pas garantir que le contenu et la forme des brochures, formulaires ou autres documents disponibles en ligne correspondent \u00e0 ceux publi\u00e9s sur papier. En cas de doute, seule la version publi\u00e9e sous forme imprim\u00e9e fait foi.<\/p>\n<\/div><\/section><\/p>\n<\/div><\/div>\n<\/div>\n","protected":false},"excerpt":{"rendered":"","protected":false},"author":3,"featured_media":0,"parent":0,"menu_order":0,"comment_status":"closed","ping_status":"closed","template":"","meta":{"inline_featured_image":false,"footnotes":""},"class_list":["post-2441","page","type-page","status-publish","hentry"],"yoast_head":"<!-- This site is optimized with the Yoast SEO plugin v26.1.1 - https:\/\/yoast.com\/wordpress\/plugins\/seo\/ -->\n<title>Mentions l\u00e9gales - MoldTecs<\/title>\n<meta name=\"robots\" content=\"index, follow, max-snippet:-1, max-image-preview:large, max-video-preview:-1\" \/>\n<link rel=\"canonical\" href=\"https:\/\/moldtecs.com\/fr\/mentions-legales\/\" \/>\n<meta property=\"og:locale\" content=\"fr_FR\" \/>\n<meta property=\"og:type\" content=\"article\" \/>\n<meta property=\"og:title\" content=\"Mentions l\u00e9gales - MoldTecs\" \/>\n<meta property=\"og:url\" content=\"https:\/\/moldtecs.com\/fr\/mentions-legales\/\" \/>\n<meta property=\"og:site_name\" content=\"MoldTecs\" \/>\n<meta property=\"article:modified_time\" content=\"2025-02-20T10:04:02+00:00\" \/>\n<meta name=\"twitter:card\" content=\"summary_large_image\" \/>\n<meta name=\"twitter:label1\" content=\"Dur\u00e9e de lecture estim\u00e9e\" \/>\n\t<meta name=\"twitter:data1\" content=\"2 minutes\" \/>\n<script type=\"application\/ld+json\" class=\"yoast-schema-graph\">{\"@context\":\"https:\/\/schema.org\",\"@graph\":[{\"@type\":[\"Article\",\"BlogPosting\"],\"@id\":\"https:\/\/moldtecs.com\/fr\/mentions-legales\/#article\",\"isPartOf\":{\"@id\":\"https:\/\/moldtecs.com\/fr\/mentions-legales\/\"},\"author\":{\"name\":\"MoldTecs News\",\"@id\":\"https:\/\/moldtecs.com\/fr\/#\/schema\/person\/41639cb4ecc0cc875263fc255a999f90\"},\"headline\":\"Mentions l\u00e9gales\",\"datePublished\":\"2020-11-11T13:57:30+00:00\",\"dateModified\":\"2025-02-20T10:04:02+00:00\",\"mainEntityOfPage\":{\"@id\":\"https:\/\/moldtecs.com\/fr\/mentions-legales\/\"},\"wordCount\":1621,\"publisher\":{\"@id\":\"https:\/\/moldtecs.com\/fr\/#organization\"},\"inLanguage\":\"fr-FR\"},{\"@type\":\"WebPage\",\"@id\":\"https:\/\/moldtecs.com\/fr\/mentions-legales\/\",\"url\":\"https:\/\/moldtecs.com\/fr\/mentions-legales\/\",\"name\":\"Mentions l\u00e9gales - MoldTecs\",\"isPartOf\":{\"@id\":\"https:\/\/moldtecs.com\/fr\/#website\"},\"datePublished\":\"2020-11-11T13:57:30+00:00\",\"dateModified\":\"2025-02-20T10:04:02+00:00\",\"breadcrumb\":{\"@id\":\"https:\/\/moldtecs.com\/fr\/mentions-legales\/#breadcrumb\"},\"inLanguage\":\"fr-FR\",\"potentialAction\":[{\"@type\":\"ReadAction\",\"target\":[\"https:\/\/moldtecs.com\/fr\/mentions-legales\/\"]}]},{\"@type\":\"BreadcrumbList\",\"@id\":\"https:\/\/moldtecs.com\/fr\/mentions-legales\/#breadcrumb\",\"itemListElement\":[{\"@type\":\"ListItem\",\"position\":1,\"name\":\"Startseite\",\"item\":\"https:\/\/moldtecs.com\/fr\/\"},{\"@type\":\"ListItem\",\"position\":2,\"name\":\"Mentions l\u00e9gales\"}]},{\"@type\":\"WebSite\",\"@id\":\"https:\/\/moldtecs.com\/fr\/#website\",\"url\":\"https:\/\/moldtecs.com\/fr\/\",\"name\":\"MoldTecs\",\"description\":\"\",\"publisher\":{\"@id\":\"https:\/\/moldtecs.com\/fr\/#organization\"},\"potentialAction\":[{\"@type\":\"SearchAction\",\"target\":{\"@type\":\"EntryPoint\",\"urlTemplate\":\"https:\/\/moldtecs.com\/fr\/?s={search_term_string}\"},\"query-input\":{\"@type\":\"PropertyValueSpecification\",\"valueRequired\":true,\"valueName\":\"search_term_string\"}}],\"inLanguage\":\"fr-FR\"},{\"@type\":\"Organization\",\"@id\":\"https:\/\/moldtecs.com\/fr\/#organization\",\"name\":\"MoldTecs GmbH\",\"url\":\"https:\/\/moldtecs.com\/fr\/\",\"logo\":{\"@type\":\"ImageObject\",\"inLanguage\":\"fr-FR\",\"@id\":\"https:\/\/moldtecs.com\/fr\/#\/schema\/logo\/image\/\",\"url\":\"https:\/\/moldtecs.com\/wp-content\/uploads\/2022\/06\/MOLDTECS-Logo.svg\",\"contentUrl\":\"https:\/\/moldtecs.com\/wp-content\/uploads\/2022\/06\/MOLDTECS-Logo.svg\",\"width\":\"1030\",\"height\":\"1030\",\"caption\":\"MoldTecs GmbH\"},\"image\":{\"@id\":\"https:\/\/moldtecs.com\/fr\/#\/schema\/logo\/image\/\"},\"sameAs\":[\"https:\/\/www.linkedin.com\/company\/moldtecs\/\"]},{\"@type\":\"Person\",\"@id\":\"https:\/\/moldtecs.com\/fr\/#\/schema\/person\/41639cb4ecc0cc875263fc255a999f90\",\"name\":\"MoldTecs News\",\"image\":{\"@type\":\"ImageObject\",\"inLanguage\":\"fr-FR\",\"@id\":\"https:\/\/moldtecs.com\/fr\/#\/schema\/person\/image\/\",\"url\":\"https:\/\/secure.gravatar.com\/avatar\/5cd4ba607bd6ae9c1ef7343d6b75a324f2a263aa3f79492012dd5aa480559c39?s=96&d=mm&r=g\",\"contentUrl\":\"https:\/\/secure.gravatar.com\/avatar\/5cd4ba607bd6ae9c1ef7343d6b75a324f2a263aa3f79492012dd5aa480559c39?s=96&d=mm&r=g\",\"caption\":\"MoldTecs News\"},\"url\":\"https:\/\/moldtecs.com\/fr\/author\/infomoldtecs-com\/\"}]}<\/script>\n<!-- \/ Yoast SEO plugin. -->","yoast_head_json":{"title":"Mentions l\u00e9gales - MoldTecs","robots":{"index":"index","follow":"follow","max-snippet":"max-snippet:-1","max-image-preview":"max-image-preview:large","max-video-preview":"max-video-preview:-1"},"canonical":"https:\/\/moldtecs.com\/fr\/mentions-legales\/","og_locale":"fr_FR","og_type":"article","og_title":"Mentions l\u00e9gales - MoldTecs","og_url":"https:\/\/moldtecs.com\/fr\/mentions-legales\/","og_site_name":"MoldTecs","article_modified_time":"2025-02-20T10:04:02+00:00","twitter_card":"summary_large_image","twitter_misc":{"Dur\u00e9e de lecture estim\u00e9e":"2 minutes"},"schema":{"@context":"https:\/\/schema.org","@graph":[{"@type":["Article","BlogPosting"],"@id":"https:\/\/moldtecs.com\/fr\/mentions-legales\/#article","isPartOf":{"@id":"https:\/\/moldtecs.com\/fr\/mentions-legales\/"},"author":{"name":"MoldTecs News","@id":"https:\/\/moldtecs.com\/fr\/#\/schema\/person\/41639cb4ecc0cc875263fc255a999f90"},"headline":"Mentions l\u00e9gales","datePublished":"2020-11-11T13:57:30+00:00","dateModified":"2025-02-20T10:04:02+00:00","mainEntityOfPage":{"@id":"https:\/\/moldtecs.com\/fr\/mentions-legales\/"},"wordCount":1621,"publisher":{"@id":"https:\/\/moldtecs.com\/fr\/#organization"},"inLanguage":"fr-FR"},{"@type":"WebPage","@id":"https:\/\/moldtecs.com\/fr\/mentions-legales\/","url":"https:\/\/moldtecs.com\/fr\/mentions-legales\/","name":"Mentions l\u00e9gales - MoldTecs","isPartOf":{"@id":"https:\/\/moldtecs.com\/fr\/#website"},"datePublished":"2020-11-11T13:57:30+00:00","dateModified":"2025-02-20T10:04:02+00:00","breadcrumb":{"@id":"https:\/\/moldtecs.com\/fr\/mentions-legales\/#breadcrumb"},"inLanguage":"fr-FR","potentialAction":[{"@type":"ReadAction","target":["https:\/\/moldtecs.com\/fr\/mentions-legales\/"]}]},{"@type":"BreadcrumbList","@id":"https:\/\/moldtecs.com\/fr\/mentions-legales\/#breadcrumb","itemListElement":[{"@type":"ListItem","position":1,"name":"Startseite","item":"https:\/\/moldtecs.com\/fr\/"},{"@type":"ListItem","position":2,"name":"Mentions l\u00e9gales"}]},{"@type":"WebSite","@id":"https:\/\/moldtecs.com\/fr\/#website","url":"https:\/\/moldtecs.com\/fr\/","name":"MoldTecs","description":"","publisher":{"@id":"https:\/\/moldtecs.com\/fr\/#organization"},"potentialAction":[{"@type":"SearchAction","target":{"@type":"EntryPoint","urlTemplate":"https:\/\/moldtecs.com\/fr\/?s={search_term_string}"},"query-input":{"@type":"PropertyValueSpecification","valueRequired":true,"valueName":"search_term_string"}}],"inLanguage":"fr-FR"},{"@type":"Organization","@id":"https:\/\/moldtecs.com\/fr\/#organization","name":"MoldTecs GmbH","url":"https:\/\/moldtecs.com\/fr\/","logo":{"@type":"ImageObject","inLanguage":"fr-FR","@id":"https:\/\/moldtecs.com\/fr\/#\/schema\/logo\/image\/","url":"https:\/\/moldtecs.com\/wp-content\/uploads\/2022\/06\/MOLDTECS-Logo.svg","contentUrl":"https:\/\/moldtecs.com\/wp-content\/uploads\/2022\/06\/MOLDTECS-Logo.svg","width":"1030","height":"1030","caption":"MoldTecs GmbH"},"image":{"@id":"https:\/\/moldtecs.com\/fr\/#\/schema\/logo\/image\/"},"sameAs":["https:\/\/www.linkedin.com\/company\/moldtecs\/"]},{"@type":"Person","@id":"https:\/\/moldtecs.com\/fr\/#\/schema\/person\/41639cb4ecc0cc875263fc255a999f90","name":"MoldTecs News","image":{"@type":"ImageObject","inLanguage":"fr-FR","@id":"https:\/\/moldtecs.com\/fr\/#\/schema\/person\/image\/","url":"https:\/\/secure.gravatar.com\/avatar\/5cd4ba607bd6ae9c1ef7343d6b75a324f2a263aa3f79492012dd5aa480559c39?s=96&d=mm&r=g","contentUrl":"https:\/\/secure.gravatar.com\/avatar\/5cd4ba607bd6ae9c1ef7343d6b75a324f2a263aa3f79492012dd5aa480559c39?s=96&d=mm&r=g","caption":"MoldTecs News"},"url":"https:\/\/moldtecs.com\/fr\/author\/infomoldtecs-com\/"}]}},"_links":{"self":[{"href":"https:\/\/moldtecs.com\/fr\/wp-json\/wp\/v2\/pages\/2441","targetHints":{"allow":["GET"]}}],"collection":[{"href":"https:\/\/moldtecs.com\/fr\/wp-json\/wp\/v2\/pages"}],"about":[{"href":"https:\/\/moldtecs.com\/fr\/wp-json\/wp\/v2\/types\/page"}],"author":[{"embeddable":true,"href":"https:\/\/moldtecs.com\/fr\/wp-json\/wp\/v2\/users\/3"}],"replies":[{"embeddable":true,"href":"https:\/\/moldtecs.com\/fr\/wp-json\/wp\/v2\/comments?post=2441"}],"version-history":[{"count":7,"href":"https:\/\/moldtecs.com\/fr\/wp-json\/wp\/v2\/pages\/2441\/revisions"}],"predecessor-version":[{"id":4423,"href":"https:\/\/moldtecs.com\/fr\/wp-json\/wp\/v2\/pages\/2441\/revisions\/4423"}],"wp:attachment":[{"href":"https:\/\/moldtecs.com\/fr\/wp-json\/wp\/v2\/media?parent=2441"}],"curies":[{"name":"wp","href":"https:\/\/api.w.org\/{rel}","templated":true}]}}